{"id":68,"date":"2020-06-12T12:00:26","date_gmt":"2020-06-12T10:00:26","guid":{"rendered":"http:\/\/www.emploi.ambitio.fr\/ambitioemploi\/?page_id=68"},"modified":"2021-06-01T09:45:11","modified_gmt":"2021-06-01T07:45:11","slug":"espace-approche-directe-btp","status":"publish","type":"page","link":"https:\/\/www.emploi.ambitio.fr\/ambitioemploi\/espace-approche-directe-btp\/","title":{"rendered":"Chasseur de t\u00eates BTP"},"content":{"rendered":"\n<div class=\"wp-block-image\"><figure class=\"aligncenter size-full is-resized\"><img loading=\"lazy\" src=\"https:\/\/www.emploi.ambitio.fr\/ambitioemploi\/wp-content\/uploads\/2021\/05\/BTP-et-bureaux-detude.jpg\" alt=\"BTP &amp; Bureau d'\u00e9tude\" class=\"wp-image-451\" width=\"619\" height=\"308\" srcset=\"https:\/\/www.emploi.ambitio.fr\/ambitioemploi\/wp-content\/uploads\/2021\/05\/BTP-et-bureaux-detude.jpg 825w, https:\/\/www.emploi.ambitio.fr\/ambitioemploi\/wp-content\/uploads\/2021\/05\/BTP-et-bureaux-detude-300x149.jpg 300w, https:\/\/www.emploi.ambitio.fr\/ambitioemploi\/wp-content\/uploads\/2021\/05\/BTP-et-bureaux-detude-768x382.jpg 768w\" sizes=\"(max-width: 619px) 100vw, 619px\" \/><\/figure><\/div>\n\n\n\n<p class=\"has-text-align-center\"><span class=\"has-inline-color has-black-color\">AMBITIO Emploi est constitu\u00e9 d\u2019un secteur <strong>d\u2019Approche Directe <\/strong>de cadres middle et top management issus du BTP (Construction et Immobilier).<\/span><\/p>\n\n\n\n<p><span class=\"has-inline-color has-white-color\">_<\/span><\/p>\n\n\n\n<p><span class=\"has-inline-color has-black-color\">Fond\u00e9 autour de la conviction qu\u2019un partenaire recrutement s\u2019adapte aux probl\u00e9matiques et \u00e0 la complexit\u00e9 des besoins de ses clients nous approchons toute l\u2019ann\u00e9e sur l\u2019ensemble du territoire fran\u00e7ais des ing\u00e9nieurs \u00e0 haute valeur ajout\u00e9e au profit de grands acteurs nationaux du BTP.<\/span><\/p>\n\n\n\n<p><span class=\"has-inline-color has-black-color\">Chefs de service Etudes, Directeurs de travaux, Responsables commerciaux, Ing\u00e9nieurs travaux, M\u00e9thodes ou Etudes de prix, Responsables de centre de profit\u2026participent au large spectre de nos recherches cibl\u00e9es et permanentes en France (m\u00e9tropole et dom tom).<\/span><\/p>\n\n\n\n<div class=\"wp-block-buttons\">\n<div class=\"wp-block-button\"><a class=\"wp-block-button__link\" href=\"http:\/\/www.emploi.ambitio.fr\/ambitioemploi\/contact\/\">Candidature spontan\u00e9e<\/a><\/div>\n<\/div>\n","protected":false},"excerpt":{"rendered":"<p>AMBITIO Emploi est constitu\u00e9 d\u2019un secteur d\u2019Approche Directe de cadres middle et top management issus du BTP (Construction et Immobilier). _ Fond\u00e9 autour de la conviction qu\u2019un partenaire recrutement s\u2019adapte aux probl\u00e9matiques et \u00e0 la complexit\u00e9 des besoins de ses clients nous approchons toute l\u2019ann\u00e9e sur l\u2019ensemble du territoire fran\u00e7ais des ing\u00e9nieurs \u00e0 haute valeur [&hellip;]<\/p>\n","protected":false},"author":1,"featured_media":0,"parent":0,"menu_order":0,"comment_status":"closed","ping_status":"closed","template":"","meta":{"qubely_global_settings":"","qubely_interactions":""},"yoast_head":"<!-- This site is optimized with the Yoast SEO plugin v16.4 - https:\/\/yoast.com\/wordpress\/plugins\/seo\/ -->\n<title>Chasseur de t\u00eates BTP - AMBITIO EMPLOI<\/title>\n<meta name=\"robots\" content=\"index, follow, max-snippet:-1, max-image-preview:large, max-video-preview:-1\" \/>\n<link rel=\"canonical\" href=\"https:\/\/www.emploi.ambitio.fr\/ambitioemploi\/espace-approche-directe-btp\/\" \/>\n<meta property=\"og:locale\" content=\"fr_FR\" \/>\n<meta property=\"og:type\" content=\"article\" \/>\n<meta property=\"og:title\" content=\"Chasseur de t\u00eates BTP - AMBITIO EMPLOI\" \/>\n<meta property=\"og:description\" content=\"AMBITIO Emploi est constitu\u00e9 d\u2019un secteur d\u2019Approche Directe de cadres middle et top management issus du BTP (Construction et Immobilier). _ Fond\u00e9 autour de la conviction qu\u2019un partenaire recrutement s\u2019adapte aux probl\u00e9matiques et \u00e0 la complexit\u00e9 des besoins de ses clients nous approchons toute l\u2019ann\u00e9e sur l\u2019ensemble du territoire fran\u00e7ais des ing\u00e9nieurs \u00e0 haute valeur [&hellip;]\" \/>\n<meta property=\"og:url\" content=\"https:\/\/www.emploi.ambitio.fr\/ambitioemploi\/espace-approche-directe-btp\/\" \/>\n<meta property=\"og:site_name\" content=\"AMBITIO EMPLOI\" \/>\n<meta property=\"article:modified_time\" content=\"2021-06-01T07:45:11+00:00\" \/>\n<meta property=\"og:image\" content=\"https:\/\/www.emploi.ambitio.fr\/ambitioemploi\/wp-content\/uploads\/2021\/05\/BTP-et-bureaux-detude.jpg\" \/>\n<meta name=\"twitter:card\" content=\"summary_large_image\" \/>\n<meta name=\"twitter:label1\" content=\"Dur\u00e9e de lecture est.\" \/>\n\t<meta name=\"twitter:data1\" content=\"1 minute\" \/>\n<script type=\"application\/ld+json\" class=\"yoast-schema-graph\">{\"@context\":\"https:\/\/schema.org\",\"@graph\":[{\"@type\":\"Organization\",\"@id\":\"https:\/\/www.emploi.ambitio.fr\/ambitioemploi\/#organization\",\"name\":\"AMBITIO EMPLOI\",\"url\":\"https:\/\/www.emploi.ambitio.fr\/ambitioemploi\/\",\"sameAs\":[],\"logo\":{\"@type\":\"ImageObject\",\"@id\":\"https:\/\/www.emploi.ambitio.fr\/ambitioemploi\/#logo\",\"inLanguage\":\"fr-FR\",\"url\":\"https:\/\/www.emploi.ambitio.fr\/ambitioemploi\/wp-content\/uploads\/2021\/02\/AmbitioEmploiLogoTransparent.png\",\"contentUrl\":\"https:\/\/www.emploi.ambitio.fr\/ambitioemploi\/wp-content\/uploads\/2021\/02\/AmbitioEmploiLogoTransparent.png\",\"width\":600,\"height\":596,\"caption\":\"AMBITIO EMPLOI\"},\"image\":{\"@id\":\"https:\/\/www.emploi.ambitio.fr\/ambitioemploi\/#logo\"}},{\"@type\":\"WebSite\",\"@id\":\"https:\/\/www.emploi.ambitio.fr\/ambitioemploi\/#website\",\"url\":\"https:\/\/www.emploi.ambitio.fr\/ambitioemploi\/\",\"name\":\"AMBITIO EMPLOI\",\"description\":\"VOTRE PARTENAIRE RECRUTEMENT\",\"publisher\":{\"@id\":\"https:\/\/www.emploi.ambitio.fr\/ambitioemploi\/#organization\"},\"potentialAction\":[{\"@type\":\"SearchAction\",\"target\":\"https:\/\/www.emploi.ambitio.fr\/ambitioemploi\/?s={search_term_string}\",\"query-input\":\"required name=search_term_string\"}],\"inLanguage\":\"fr-FR\"},{\"@type\":\"ImageObject\",\"@id\":\"https:\/\/www.emploi.ambitio.fr\/ambitioemploi\/espace-approche-directe-btp\/#primaryimage\",\"inLanguage\":\"fr-FR\",\"url\":\"https:\/\/www.emploi.ambitio.fr\/ambitioemploi\/wp-content\/uploads\/2021\/05\/BTP-et-bureaux-detude.jpg\",\"contentUrl\":\"https:\/\/www.emploi.ambitio.fr\/ambitioemploi\/wp-content\/uploads\/2021\/05\/BTP-et-bureaux-detude.jpg\",\"width\":825,\"height\":410,\"caption\":\"BTP & Bureau d'\\u00e9tude\"},{\"@type\":\"WebPage\",\"@id\":\"https:\/\/www.emploi.ambitio.fr\/ambitioemploi\/espace-approche-directe-btp\/#webpage\",\"url\":\"https:\/\/www.emploi.ambitio.fr\/ambitioemploi\/espace-approche-directe-btp\/\",\"name\":\"Chasseur de t\\u00eates BTP - AMBITIO EMPLOI\",\"isPartOf\":{\"@id\":\"https:\/\/www.emploi.ambitio.fr\/ambitioemploi\/#website\"},\"primaryImageOfPage\":{\"@id\":\"https:\/\/www.emploi.ambitio.fr\/ambitioemploi\/espace-approche-directe-btp\/#primaryimage\"},\"datePublished\":\"2020-06-12T10:00:26+00:00\",\"dateModified\":\"2021-06-01T07:45:11+00:00\",\"breadcrumb\":{\"@id\":\"https:\/\/www.emploi.ambitio.fr\/ambitioemploi\/espace-approche-directe-btp\/#breadcrumb\"},\"inLanguage\":\"fr-FR\",\"potentialAction\":[{\"@type\":\"ReadAction\",\"target\":[\"https:\/\/www.emploi.ambitio.fr\/ambitioemploi\/espace-approche-directe-btp\/\"]}]},{\"@type\":\"BreadcrumbList\",\"@id\":\"https:\/\/www.emploi.ambitio.fr\/ambitioemploi\/espace-approche-directe-btp\/#breadcrumb\",\"itemListElement\":[{\"@type\":\"ListItem\",\"position\":1,\"item\":{\"@type\":\"WebPage\",\"@id\":\"https:\/\/www.emploi.ambitio.fr\/ambitioemploi\/\",\"url\":\"https:\/\/www.emploi.ambitio.fr\/ambitioemploi\/\",\"name\":\"Accueil\"}},{\"@type\":\"ListItem\",\"position\":2,\"item\":{\"@id\":\"https:\/\/www.emploi.ambitio.fr\/ambitioemploi\/espace-approche-directe-btp\/#webpage\"}}]}]}<\/script>\n<!-- \/ Yoast SEO plugin. -->","_links":{"self":[{"href":"https:\/\/www.emploi.ambitio.fr\/ambitioemploi\/wp-json\/wp\/v2\/pages\/68"}],"collection":[{"href":"https:\/\/www.emploi.ambitio.fr\/ambitioemploi\/wp-json\/wp\/v2\/pages"}],"about":[{"href":"https:\/\/www.emploi.ambitio.fr\/ambitioemploi\/wp-json\/wp\/v2\/types\/page"}],"author":[{"embeddable":true,"href":"https:\/\/www.emploi.ambitio.fr\/ambitioemploi\/wp-json\/wp\/v2\/users\/1"}],"replies":[{"embeddable":true,"href":"https:\/\/www.emploi.ambitio.fr\/ambitioemploi\/wp-json\/wp\/v2\/comments?post=68"}],"version-history":[{"count":8,"href":"https:\/\/www.emploi.ambitio.fr\/ambitioemploi\/wp-json\/wp\/v2\/pages\/68\/revisions"}],"predecessor-version":[{"id":564,"href":"https:\/\/www.emploi.ambitio.fr\/ambitioemploi\/wp-json\/wp\/v2\/pages\/68\/revisions\/564"}],"wp:attachment":[{"href":"https:\/\/www.emploi.ambitio.fr\/ambitioemploi\/wp-json\/wp\/v2\/media?parent=68"}],"curies":[{"name":"wp","href":"https:\/\/api.w.org\/{rel}","templated":true}]}}