{"id":64,"date":"2020-06-12T11:59:20","date_gmt":"2020-06-12T09:59:20","guid":{"rendered":"http:\/\/www.emploi.ambitio.fr\/ambitioemploi\/?page_id=64"},"modified":"2021-06-07T15:51:56","modified_gmt":"2021-06-07T13:51:56","slug":"espace-entreprise","status":"publish","type":"page","link":"https:\/\/www.emploi.ambitio.fr\/ambitioemploi\/espace-entreprise\/","title":{"rendered":"Espace Entreprise"},"content":{"rendered":"\n<p><span class=\"has-inline-color has-white-color\">_<\/span><\/p>\n\n\n\n<div class=\"wp-block-qubely-animatedheadline qubely-block-502d6c qubely-block-animated-heading\"><h3 class=\"animated-heading-text text-clip has-text-align-center\">Votre<span class=\"qubely-animated-text\"><span class=\"animated-text-words-wrapper\"><span class=\"animated-text is-visible\">vision<\/span><span class=\"animated-text is-hidden\">recrutement<\/span><span class=\"animated-text is-hidden\">satisfaction<\/span><\/span><\/span>notre ambition<\/h3><\/div>\n\n\n\n<p><span class=\"has-inline-color has-white-color\">_<\/span><\/p>\n\n\n\n<div class=\"wp-block-media-text alignwide is-stacked-on-mobile is-image-fill has-background\" style=\"background-color:#cfd9e9\"><figure class=\"wp-block-media-text__media\" style=\"background-image:url(https:\/\/www.emploi.ambitio.fr\/ambitioemploi\/wp-content\/uploads\/2021\/06\/0915-sponsor-1024x683.jpg);background-position:50% 50%\"><img loading=\"lazy\" width=\"1024\" height=\"683\" src=\"https:\/\/www.emploi.ambitio.fr\/ambitioemploi\/wp-content\/uploads\/2021\/06\/0915-sponsor-1024x683.jpg\" alt=\"Ambitio Emploi, cabinet de conseils en ressources humaines : espace entreprise\" class=\"wp-image-624 size-full\" srcset=\"https:\/\/www.emploi.ambitio.fr\/ambitioemploi\/wp-content\/uploads\/2021\/06\/0915-sponsor-1024x683.jpg 1024w, https:\/\/www.emploi.ambitio.fr\/ambitioemploi\/wp-content\/uploads\/2021\/06\/0915-sponsor-300x200.jpg 300w, https:\/\/www.emploi.ambitio.fr\/ambitioemploi\/wp-content\/uploads\/2021\/06\/0915-sponsor-768x512.jpg 768w, https:\/\/www.emploi.ambitio.fr\/ambitioemploi\/wp-content\/uploads\/2021\/06\/0915-sponsor.jpg 1200w\" sizes=\"(max-width: 1024px) 100vw, 1024px\" \/><\/figure><div class=\"wp-block-media-text__content\">\n<p><span class=\"has-inline-color has-black-color\">Ambitio Emploi vous accompagne dans le recrutement de votre futur collaborateur. Notre cabinet \u00e0 taille humaine place son expertise \u00e0 votre service afin de trouver le candidat qui vous correspond. <\/span><\/p>\n\n\n\n<div class=\"wp-block-buttons\">\n<div class=\"wp-block-button\"><a class=\"wp-block-button__link\">Contactez-nous<\/a><\/div>\n<\/div>\n<\/div><\/div>\n\n\n\n<p><span class=\"has-inline-color has-white-color\">Espace entreprise<\/span><\/p>\n\n\n\n<h2 id=\"1--nos-engagements--\"><span class=\"has-inline-color has-black-color\">NOS ENGAGEMENTS<\/span> <\/h2>\n\n\n\n<p><span class=\"has-inline-color has-black-color\">En tant que cabinet de conseils en ressources humaines, Ambitio Emploi s\u2019engage \u00e0 <strong>comprendre<\/strong> et \u00e0 <strong>partager<\/strong> les enjeux RH de votre entreprise. Conscient que recruter prend du temps, nous vous <strong>accompagnons<\/strong> et nous vous <strong>soutenons<\/strong> dans cette d\u00e9marche tout en r\u00e9pondant \u00e0 vos exigences et \u00e0 vos objectifs. La maitrise approfondie de nos diff\u00e9rents secteurs d\u2019activit\u00e9 nous permet d\u2019\u0153uvrer en faveur d\u2019un recrutement <strong>maitris\u00e9<\/strong> et <strong>durable<\/strong>.&nbsp;<\/span><\/p>\n\n\n\n<h3><span class=\"has-inline-color has-white-color\">Espace entreprise<\/span><\/h3>\n\n\n\n<div class=\"wp-block-media-text alignwide has-media-on-the-right is-stacked-on-mobile is-image-fill has-background\" style=\"background-color:#cfd9e9\"><figure class=\"wp-block-media-text__media\" style=\"background-image:url(https:\/\/www.emploi.ambitio.fr\/ambitioemploi\/wp-content\/uploads\/2021\/06\/smartmockups_koinlm2t-854x1024.jpg);background-position:53% 60%\"><img loading=\"lazy\" width=\"854\" height=\"1024\" src=\"https:\/\/www.emploi.ambitio.fr\/ambitioemploi\/wp-content\/uploads\/2021\/06\/smartmockups_koinlm2t-854x1024.jpg\" alt=\"Ambitio Emploi, cabinet de conseils en ressources humaines : espace entreprise\" class=\"wp-image-623 size-full\" srcset=\"https:\/\/www.emploi.ambitio.fr\/ambitioemploi\/wp-content\/uploads\/2021\/06\/smartmockups_koinlm2t-854x1024.jpg 854w, https:\/\/www.emploi.ambitio.fr\/ambitioemploi\/wp-content\/uploads\/2021\/06\/smartmockups_koinlm2t-250x300.jpg 250w, https:\/\/www.emploi.ambitio.fr\/ambitioemploi\/wp-content\/uploads\/2021\/06\/smartmockups_koinlm2t-768x921.jpg 768w, https:\/\/www.emploi.ambitio.fr\/ambitioemploi\/wp-content\/uploads\/2021\/06\/smartmockups_koinlm2t-1281x1536.jpg 1281w, https:\/\/www.emploi.ambitio.fr\/ambitioemploi\/wp-content\/uploads\/2021\/06\/smartmockups_koinlm2t-1707x2048.jpg 1707w, https:\/\/www.emploi.ambitio.fr\/ambitioemploi\/wp-content\/uploads\/2021\/06\/smartmockups_koinlm2t.jpg 1920w\" sizes=\"(max-width: 854px) 100vw, 854px\" \/><\/figure><div class=\"wp-block-media-text__content\">\n<p><span style=\"color:#cfd9e9\" class=\"has-inline-color\">_<\/span><\/p>\n\n\n\n<p><strong><span class=\"has-inline-color has-black-color\">Confiez nous vos opportunit\u00e9s de carri\u00e8re et profitez de notre m\u00e9thodologie :<\/span><\/strong><\/p>\n\n\n\n<p>\ud83d\udcbc <span class=\"has-inline-color has-black-color\">Relation privil\u00e9gi\u00e9e avec nos clients gr\u00e2ce \u00e0 une bonne connaissance de l\u2019entreprise, de vos besoins sp\u00e9cifiques.<\/span><\/p>\n\n\n\n<p>\ud83d\udd0e <span class=\"has-inline-color has-black-color\">Prise en compte de vos attentes.<\/span><\/p>\n\n\n\n<p>\ud83d\udca1 <span class=\"has-inline-color has-black-color\">Anticipation de vos besoins et r\u00e9activit\u00e9.<\/span><\/p>\n\n\n\n<p>\u270d\ud83c\udffc <span class=\"has-inline-color has-black-color\">Qualification des candidats de proximit\u00e9 et prise de r\u00e9f\u00e9rence. <\/span><\/p>\n\n\n\n<p>\ud83c\udfc6 <span class=\"has-inline-color has-black-color\">Retour sur investissement imm\u00e9diat (gain de temps, gain de productivit\u00e9 \u2026).<\/span><\/p>\n\n\n\n<p>\ud83d\udc65 <span class=\"has-inline-color has-black-color\">Une base de donn\u00e9es qualifi\u00e9e de plus de 3000 candidats. <\/span><\/p>\n<\/div><\/div>\n\n\n\n<h3><span class=\"has-inline-color has-white-color\">Espace entreprise<\/span><\/h3>\n\n\n\n<figure class=\"wp-block-table aligncenter\"><table class=\"has-fixed-layout\"><thead><tr><th><span class=\"has-inline-color has-black-color\"><img loading=\"lazy\" width=\"44\" height=\"34\" class=\"wp-image-193\" style=\"width: 30px;\" src=\"http:\/\/www.emploi.ambitio.fr\/ambitioemploi\/wp-content\/uploads\/2021\/02\/productivity-1.png\" alt=\"\">  Gains de temps et de productivit\u00e9<\/span><\/th><th class=\"has-text-align-center\" data-align=\"center\"><span class=\"has-inline-color has-black-color\"><img loading=\"lazy\" width=\"59\" height=\"38\" class=\"wp-image-195\" style=\"width: 30px;\" src=\"http:\/\/www.emploi.ambitio.fr\/ambitioemploi\/wp-content\/uploads\/2021\/02\/candidats.png\" alt=\"\">  Candidatures cibl\u00e9es<\/span><\/th><th class=\"has-text-align-center\" data-align=\"center\"><span class=\"has-inline-color has-black-color\"><img loading=\"lazy\" width=\"41\" height=\"44\" class=\"wp-image-197\" style=\"width: 30px;\" src=\"http:\/\/www.emploi.ambitio.fr\/ambitioemploi\/wp-content\/uploads\/2021\/02\/euro.png\" alt=\"\"> Co\u00fbts Ma\u00eetris\u00e9s<\/span><\/th><\/tr><\/thead><tbody><tr><td><span class=\"has-inline-color has-black-color\"><strong>Lib\u00e9rez vous  des longues s\u00e9ances de tri de CV et d&rsquo;entretiens<\/strong> et  concentrez vous pleinement sur votre c\u0153ur de m\u00e9tier.&nbsp;<\/span><\/td><td class=\"has-text-align-center\" data-align=\"center\"><span class=\"has-inline-color has-black-color\">Notre expertise et notre base de donn\u00e9es vous garantit un&nbsp;<strong>choix de candidatures  correspondant \u00e0 vos besoins<\/strong><\/span><\/td><td class=\"has-text-align-center\" data-align=\"center\"><span class=\"has-inline-color has-black-color\">&nbsp;Nos offres sur mesure vous permettent de <strong>choisir les services dont vous avez r\u00e9ellement besoin.<\/strong>&nbsp;<\/span><\/td><\/tr><\/tbody><\/table><\/figure>\n\n\n\n<p><span class=\"has-inline-color has-white-color\">_<\/span><\/p>\n\n\n\n<h2 class=\"has-text-align-center\" id=\"2-\"><\/h2>\n\n\n\n<div class=\"wp-block-qubely-socialicons aligncenter qubely-block-8636f5\"><div class=\"qubely-block-social-icons  qubely-layout-fill qubely-style-default\"><ul class=\"qubely-ul\"><li class=\"qubely-li qubely-social-item qubely-social-facebook\" arealabel=\"Facebook\"><a href=\"https:\/\/www.facebook.com\/Ambitio-Emploi-1335093416513809\/\" target=\"_blank\" rel=\"nofollow noopener noreferrer\"><i class=\"qubely-social-icon fab fa-facebook\"><\/i><span class=\"qubely-social-label\">Facebook<\/span><\/a><\/li><li class=\"qubely-li qubely-social-item qubely-social-linkedin\" arealabel=\"LinkedIn\"><a href=\"https:\/\/www.linkedin.com\/company\/ambitio-emploi\" target=\"_blank\" rel=\"nofollow noopener noreferrer\"><i class=\"qubely-social-icon fab fa-linkedin\"><\/i><span class=\"qubely-social-label\">LinkedIn<\/span><\/a><\/li><\/ul><\/div><\/div>\n","protected":false},"excerpt":{"rendered":"<p>_ _ Espace entreprise NOS ENGAGEMENTS En tant que cabinet de conseils en ressources humaines, Ambitio Emploi s\u2019engage \u00e0 comprendre et \u00e0 partager les enjeux RH de votre entreprise. Conscient que recruter prend du temps, nous vous accompagnons et nous vous soutenons dans cette d\u00e9marche tout en r\u00e9pondant \u00e0 vos exigences et \u00e0 vos objectifs. [&hellip;]<\/p>\n","protected":false},"author":1,"featured_media":0,"parent":0,"menu_order":0,"comment_status":"closed","ping_status":"closed","template":"","meta":{"qubely_global_settings":"","qubely_interactions":""},"yoast_head":"<!-- This site is optimized with the Yoast SEO plugin v16.4 - https:\/\/yoast.com\/wordpress\/plugins\/seo\/ -->\n<title>Espace Entreprise - AMBITIO EMPLOI<\/title>\n<meta name=\"description\" content=\"Nous vous accompagnons dans le recrutement de votre futur collaborateur pour trouver le candidat qui vous correspond (espace entreprise).\" \/>\n<meta name=\"robots\" content=\"index, follow, max-snippet:-1, max-image-preview:large, max-video-preview:-1\" \/>\n<link rel=\"canonical\" href=\"https:\/\/www.emploi.ambitio.fr\/ambitioemploi\/espace-entreprise\/\" \/>\n<meta property=\"og:locale\" content=\"fr_FR\" \/>\n<meta property=\"og:type\" content=\"article\" \/>\n<meta property=\"og:title\" content=\"Espace Entreprise - AMBITIO EMPLOI\" \/>\n<meta property=\"og:description\" content=\"Nous vous accompagnons dans le recrutement de votre futur collaborateur pour trouver le candidat qui vous correspond (espace entreprise).\" \/>\n<meta property=\"og:url\" content=\"https:\/\/www.emploi.ambitio.fr\/ambitioemploi\/espace-entreprise\/\" \/>\n<meta property=\"og:site_name\" content=\"AMBITIO EMPLOI\" \/>\n<meta property=\"article:modified_time\" content=\"2021-06-07T13:51:56+00:00\" \/>\n<meta property=\"og:image\" content=\"https:\/\/www.emploi.ambitio.fr\/ambitioemploi\/wp-content\/uploads\/2021\/06\/0915-sponsor-1024x683.jpg\" \/>\n<meta name=\"twitter:card\" content=\"summary_large_image\" \/>\n<meta name=\"twitter:label1\" content=\"Dur\u00e9e de lecture est.\" \/>\n\t<meta name=\"twitter:data1\" content=\"3 minutes\" \/>\n<script type=\"application\/ld+json\" class=\"yoast-schema-graph\">{\"@context\":\"https:\/\/schema.org\",\"@graph\":[{\"@type\":\"Organization\",\"@id\":\"https:\/\/www.emploi.ambitio.fr\/ambitioemploi\/#organization\",\"name\":\"AMBITIO EMPLOI\",\"url\":\"https:\/\/www.emploi.ambitio.fr\/ambitioemploi\/\",\"sameAs\":[],\"logo\":{\"@type\":\"ImageObject\",\"@id\":\"https:\/\/www.emploi.ambitio.fr\/ambitioemploi\/#logo\",\"inLanguage\":\"fr-FR\",\"url\":\"https:\/\/www.emploi.ambitio.fr\/ambitioemploi\/wp-content\/uploads\/2021\/02\/AmbitioEmploiLogoTransparent.png\",\"contentUrl\":\"https:\/\/www.emploi.ambitio.fr\/ambitioemploi\/wp-content\/uploads\/2021\/02\/AmbitioEmploiLogoTransparent.png\",\"width\":600,\"height\":596,\"caption\":\"AMBITIO EMPLOI\"},\"image\":{\"@id\":\"https:\/\/www.emploi.ambitio.fr\/ambitioemploi\/#logo\"}},{\"@type\":\"WebSite\",\"@id\":\"https:\/\/www.emploi.ambitio.fr\/ambitioemploi\/#website\",\"url\":\"https:\/\/www.emploi.ambitio.fr\/ambitioemploi\/\",\"name\":\"AMBITIO EMPLOI\",\"description\":\"VOTRE PARTENAIRE RECRUTEMENT\",\"publisher\":{\"@id\":\"https:\/\/www.emploi.ambitio.fr\/ambitioemploi\/#organization\"},\"potentialAction\":[{\"@type\":\"SearchAction\",\"target\":\"https:\/\/www.emploi.ambitio.fr\/ambitioemploi\/?s={search_term_string}\",\"query-input\":\"required name=search_term_string\"}],\"inLanguage\":\"fr-FR\"},{\"@type\":\"ImageObject\",\"@id\":\"https:\/\/www.emploi.ambitio.fr\/ambitioemploi\/espace-entreprise\/#primaryimage\",\"inLanguage\":\"fr-FR\",\"url\":\"https:\/\/www.emploi.ambitio.fr\/ambitioemploi\/wp-content\/uploads\/2021\/06\/0915-sponsor.jpg\",\"contentUrl\":\"https:\/\/www.emploi.ambitio.fr\/ambitioemploi\/wp-content\/uploads\/2021\/06\/0915-sponsor.jpg\",\"width\":1200,\"height\":800,\"caption\":\"Portrait Of Two Happy Businesswoman Having Handshake In Office\"},{\"@type\":\"WebPage\",\"@id\":\"https:\/\/www.emploi.ambitio.fr\/ambitioemploi\/espace-entreprise\/#webpage\",\"url\":\"https:\/\/www.emploi.ambitio.fr\/ambitioemploi\/espace-entreprise\/\",\"name\":\"Espace Entreprise - AMBITIO EMPLOI\",\"isPartOf\":{\"@id\":\"https:\/\/www.emploi.ambitio.fr\/ambitioemploi\/#website\"},\"primaryImageOfPage\":{\"@id\":\"https:\/\/www.emploi.ambitio.fr\/ambitioemploi\/espace-entreprise\/#primaryimage\"},\"datePublished\":\"2020-06-12T09:59:20+00:00\",\"dateModified\":\"2021-06-07T13:51:56+00:00\",\"description\":\"Nous vous accompagnons dans le recrutement de votre futur collaborateur pour trouver le candidat qui vous correspond (espace entreprise).\",\"breadcrumb\":{\"@id\":\"https:\/\/www.emploi.ambitio.fr\/ambitioemploi\/espace-entreprise\/#breadcrumb\"},\"inLanguage\":\"fr-FR\",\"potentialAction\":[{\"@type\":\"ReadAction\",\"target\":[\"https:\/\/www.emploi.ambitio.fr\/ambitioemploi\/espace-entreprise\/\"]}]},{\"@type\":\"BreadcrumbList\",\"@id\":\"https:\/\/www.emploi.ambitio.fr\/ambitioemploi\/espace-entreprise\/#breadcrumb\",\"itemListElement\":[{\"@type\":\"ListItem\",\"position\":1,\"item\":{\"@type\":\"WebPage\",\"@id\":\"https:\/\/www.emploi.ambitio.fr\/ambitioemploi\/\",\"url\":\"https:\/\/www.emploi.ambitio.fr\/ambitioemploi\/\",\"name\":\"Accueil\"}},{\"@type\":\"ListItem\",\"position\":2,\"item\":{\"@id\":\"https:\/\/www.emploi.ambitio.fr\/ambitioemploi\/espace-entreprise\/#webpage\"}}]}]}<\/script>\n<!-- \/ Yoast SEO plugin. -->","_links":{"self":[{"href":"https:\/\/www.emploi.ambitio.fr\/ambitioemploi\/wp-json\/wp\/v2\/pages\/64"}],"collection":[{"href":"https:\/\/www.emploi.ambitio.fr\/ambitioemploi\/wp-json\/wp\/v2\/pages"}],"about":[{"href":"https:\/\/www.emploi.ambitio.fr\/ambitioemploi\/wp-json\/wp\/v2\/types\/page"}],"author":[{"embeddable":true,"href":"https:\/\/www.emploi.ambitio.fr\/ambitioemploi\/wp-json\/wp\/v2\/users\/1"}],"replies":[{"embeddable":true,"href":"https:\/\/www.emploi.ambitio.fr\/ambitioemploi\/wp-json\/wp\/v2\/comments?post=64"}],"version-history":[{"count":35,"href":"https:\/\/www.emploi.ambitio.fr\/ambitioemploi\/wp-json\/wp\/v2\/pages\/64\/revisions"}],"predecessor-version":[{"id":747,"href":"https:\/\/www.emploi.ambitio.fr\/ambitioemploi\/wp-json\/wp\/v2\/pages\/64\/revisions\/747"}],"wp:attachment":[{"href":"https:\/\/www.emploi.ambitio.fr\/ambitioemploi\/wp-json\/wp\/v2\/media?parent=64"}],"curies":[{"name":"wp","href":"https:\/\/api.w.org\/{rel}","templated":true}]}}