{"id":62,"date":"2020-06-12T11:57:55","date_gmt":"2020-06-12T09:57:55","guid":{"rendered":"http:\/\/www.emploi.ambitio.fr\/ambitioemploi\/?page_id=62"},"modified":"2021-06-07T10:33:19","modified_gmt":"2021-06-07T08:33:19","slug":"ambitio-emploi","status":"publish","type":"page","link":"https:\/\/www.emploi.ambitio.fr\/ambitioemploi\/ambitio-emploi\/","title":{"rendered":"Ambitio Emploi"},"content":{"rendered":"\n<div class=\"wp-block-qubely-row alignfull qubely-section qubely-block-bfe571\"><div class=\"qubely-row-overlay\"><\/div><div class=\"qubely-container\"><div class=\"qubely-row \">\n<div class=\"wp-block-qubely-column qubely-column qubely-column-front qubely-block-ff7640\"><div class=\"qubely-column-inner\">\n<div class=\"wp-block-qubely-text aligncenter qubely-block-9faf22\" data-qubelyanimation=\"{&quot;animation&quot;:&quot;slide&quot;,&quot;name&quot;:&quot;slideUp&quot;,&quot;repeat&quot;:&quot;once&quot;,&quot;direction&quot;:&quot;Up&quot;,&quot;duration&quot;:1000,&quot;delay&quot;:0,&quot;curve&quot;:&quot;ease-in-out&quot;,&quot;openAnimation&quot;:1}\"><div class=\"qubely-block-text  \"><div class=\"qubely-block-text-title-container  qubely-separator-position-top\"><div class=\"qubely-block-text-title-inner\"><h6 class=\"qubely-block-text-title\"><span class=\"has-inline-color has-black-color\">Cabinet de conseils<\/span><br><span class=\"has-inline-color has-black-color\"> en ressources humaines.<\/span><\/h6><\/div><\/div><p><span class=\"has-inline-color has-black-color\">Notre connaissance des acteurs \u00e9conomiques de l\u2019emploi local et r\u00e9gional, notre processus novateur d\u2019analyse du march\u00e9, notre m\u00e9thodologie d\u2019identification du besoin et de qualification des candidats que nous s\u00e9lectionnons permet \u00e0 nos clients et \u00e0 nos candidats de b\u00e2tir sereinement leurs projets professionnels<\/span>.<\/p><\/div><\/div>\n<\/div><\/div>\n<\/div><\/div><\/div>\n\n\n\n<div style=\"height:23px\" aria-hidden=\"true\" class=\"wp-block-spacer\"><\/div>\n\n\n\n<h2 id=\"1--le-mot-du-pr%C3%A9sident-\"><span class=\"has-inline-color has-black-color\"><strong>Le mot du pr\u00e9sident<\/strong><\/span><\/h2>\n\n\n\n<blockquote class=\"wp-block-quote\"><p><span class=\"has-inline-color has-black-color\"><em>\u00abLes deux choses les plus importantes n\u2019apparaissent pas au bilan de l\u2019entreprise : sa r\u00e9putation et ses hommes<\/em>\u00bb<\/span>. <\/p><cite><em><span class=\"has-inline-color has-black-color\">Henry Ford, Ford Motor Compagny.<\/span><\/em><\/cite><\/blockquote>\n\n\n\n<p><span class=\"has-inline-color has-black-color\"><strong>Ambitio Emploi<\/strong> est le fruit d\u2019une longue exp\u00e9rience de son dirigeant dans divers postes de directions en France et \u00e0 l\u2019international. Depuis de longues ann\u00e9es il dirige ses propres PME par cons\u00e9quent c&rsquo;est <strong>un chef d\u2019entreprise actif. <\/strong>C&rsquo;est pourquoi, comme bon nombre de dirigeants il est confront\u00e9 chaque jour aux exigences de code du travail, financi\u00e8res et humaines. <\/span><\/p>\n\n\n\n<p><span class=\"has-inline-color has-black-color\"><strong>Recruter<\/strong> est un acte essentiel mais chronophage<\/span> <span class=\"has-inline-color has-black-color\">qui<\/span> <span class=\"has-inline-color has-black-color\">se traduit par une difficult\u00e9 \u00e0 anticiper le besoin de recruter.<\/span><\/p>\n\n\n\n<p><span class=\"has-inline-color has-black-color\">L\u2019av\u00e8nement des r\u00e9seaux sociaux et du num\u00e9rique a totalement chang\u00e9 le <strong>rapport entre l\u2019employeur et les candidats.<\/strong><\/span> <span class=\"has-inline-color has-black-color\">Nous pouvons affirmer que bien que qualifi\u00e9 pour le poste, le candidat pourrait \u00eatre incapable de s\u2019adapter \u00e0 l\u2019entreprise.<\/span> <span class=\"has-inline-color has-black-color\">Nos clients ont maintenant nettement pris conscience de l\u2019importance du <strong>savoir-\u00eatre.<\/strong><\/span><\/p>\n\n\n\n<p><span class=\"has-inline-color has-black-color\">Pour cela, nous faisons en sorte d\u2019obtenir, pour chaque recrutement, le plus <strong>d\u2019informations possible<\/strong> (les qualit\u00e9s relationnelles attendues, l\u2019environnement du poste, l\u2019encadrement, les valeurs et la culture de l\u2019entreprise). C&rsquo;est dans cette d\u00e9marche que nous prenons les r\u00e9f\u00e9rences de nos candidats. De plus, nous visitons aussi avec le dirigeant ses installations et d\u00e9terminons ainsi les exigences de chaque poste.<\/span><\/p>\n\n\n\n<p><span class=\"has-inline-color has-black-color\">Pour qu\u2019un recrutement r\u00e9ussisse, la comp\u00e9tence seule ne suffit plus. Il faut aussi que le futur collaborateur puisse se sentir bien afin de fournir un haut niveau de performance. <\/span><\/p>\n\n\n\n<p><span class=\"has-inline-color has-black-color\">Ambitio Emploi propose une <strong>m\u00e9thodologie adapt\u00e9e<\/strong> aux exigences de notre temps. Nous prenons en compte les <strong>attentes<\/strong> des dirigeants et bien s\u00fbr celles de nos candidats qui nous font confiance. <strong>L\u2019anticipation<\/strong> est au c\u0153ur de nos pr\u00e9occupations.<\/span><\/p>\n\n\n\n<p><span class=\"has-inline-color has-black-color\">Notre<strong> fort d\u00e9veloppement<\/strong> est le gage de notre <strong>savoir-faire,<\/strong> notre <strong>connaissance<\/strong> des probl\u00e8mes des dirigeants, des attentes des candidats et de la <strong>confiance<\/strong> que nos clients nous t\u00e9moignent chaque jour.<\/span><\/p>\n\n\n\n<p><img loading=\"lazy\" width=\"35\" height=\"30\" class=\"wp-image-466\" style=\"width: 35px;\" src=\"https:\/\/www.emploi.ambitio.fr\/ambitioemploi\/wp-content\/uploads\/2021\/05\/Capture_d_A\u00a9cran_2021-05-31_A-_11.16.21-removebg-preview-e1622452764944.png\" alt=\"Proximit\u00e9\"><a href=\"https:\/\/www.emploi.ambitio.fr\/ambitioemploi\/\"><strong><span class=\"has-inline-color has-black-color\">Ensemble b\u00e2tissons l\u2019avenir<\/span><\/strong><\/a><\/p>\n\n\n\n<p><span class=\"has-inline-color has-black-color\"><em>Christian CAISSO<\/em><\/span><\/p>\n\n\n\n<h2 id=\"2--ambitio-emploi-\"><span class=\"has-inline-color has-white-color\">AMBITIO EMPLOI<\/span><\/h2>\n\n\n\n<div class=\"wp-block-qubely-socialicons qubely-block-45f420\"><div class=\"qubely-block-social-icons  qubely-layout-fill qubely-style-default\"><ul class=\"qubely-ul\"><li class=\"qubely-li qubely-social-item qubely-social-facebook\" arealabel=\"Facebook\"><a href=\"https:\/\/www.facebook.com\/Ambitio-Emploi-1335093416513809\/\" target=\"_blank\" rel=\"nofollow noopener noreferrer\"><i class=\"qubely-social-icon fab fa-facebook\"><\/i><span class=\"qubely-social-label\">Facebook<\/span><\/a><\/li><li class=\"qubely-li qubely-social-item qubely-social-linkedin\" arealabel=\"Facebook\"><a href=\"https:\/\/www.linkedin.com\/company\/ambitio-emploi\" target=\"_blank\" rel=\"nofollow noopener noreferrer\"><i class=\"qubely-social-icon fab fa-linkedin\"><\/i><span class=\"qubely-social-label\">Facebook<\/span><\/a><\/li><\/ul><\/div><\/div>\n","protected":false},"excerpt":{"rendered":"<p>Le mot du pr\u00e9sident \u00abLes deux choses les plus importantes n\u2019apparaissent pas au bilan de l\u2019entreprise : sa r\u00e9putation et ses hommes\u00bb. Henry Ford, Ford Motor Compagny. Ambitio Emploi est le fruit d\u2019une longue exp\u00e9rience de son dirigeant dans divers postes de directions en France et \u00e0 l\u2019international. Depuis de longues ann\u00e9es il dirige ses [&hellip;]<\/p>\n","protected":false},"author":1,"featured_media":0,"parent":0,"menu_order":0,"comment_status":"closed","ping_status":"closed","template":"","meta":{"qubely_global_settings":"","qubely_interactions":""},"yoast_head":"<!-- This site is optimized with the Yoast SEO plugin v16.4 - https:\/\/yoast.com\/wordpress\/plugins\/seo\/ -->\n<title>Emplois dans grande distribution, bricolage, logistique en ille et vilaine 35<\/title>\n<meta name=\"description\" content=\"AMBITIO EMPLOI est un cabinet de conseils en ressources humaines. Nous contribuons chaque jour \u00e0 la r\u00e9ussite de projets professionnels.\" \/>\n<meta name=\"robots\" content=\"index, follow, max-snippet:-1, max-image-preview:large, max-video-preview:-1\" \/>\n<link rel=\"canonical\" href=\"https:\/\/www.emploi.ambitio.fr\/ambitioemploi\/ambitio-emploi\/\" \/>\n<meta property=\"og:locale\" content=\"fr_FR\" \/>\n<meta property=\"og:type\" content=\"article\" \/>\n<meta property=\"og:title\" content=\"Emplois dans grande distribution, bricolage, logistique en ille et vilaine 35\" \/>\n<meta property=\"og:description\" content=\"AMBITIO EMPLOI est un cabinet de conseils en ressources humaines. Nous contribuons chaque jour \u00e0 la r\u00e9ussite de projets professionnels.\" \/>\n<meta property=\"og:url\" content=\"https:\/\/www.emploi.ambitio.fr\/ambitioemploi\/ambitio-emploi\/\" \/>\n<meta property=\"og:site_name\" content=\"AMBITIO EMPLOI\" \/>\n<meta property=\"article:modified_time\" content=\"2021-06-07T08:33:19+00:00\" \/>\n<meta property=\"og:image\" content=\"https:\/\/www.emploi.ambitio.fr\/ambitioemploi\/wp-content\/uploads\/2021\/05\/Capture_d_A\u00a9cran_2021-05-31_A-_11.16.21-removebg-preview-e1622452764944.png\" \/>\n<meta name=\"twitter:card\" content=\"summary_large_image\" \/>\n<meta name=\"twitter:label1\" content=\"Dur\u00e9e de lecture est.\" \/>\n\t<meta name=\"twitter:data1\" content=\"2 minutes\" \/>\n<script type=\"application\/ld+json\" class=\"yoast-schema-graph\">{\"@context\":\"https:\/\/schema.org\",\"@graph\":[{\"@type\":\"Organization\",\"@id\":\"https:\/\/www.emploi.ambitio.fr\/ambitioemploi\/#organization\",\"name\":\"AMBITIO EMPLOI\",\"url\":\"https:\/\/www.emploi.ambitio.fr\/ambitioemploi\/\",\"sameAs\":[],\"logo\":{\"@type\":\"ImageObject\",\"@id\":\"https:\/\/www.emploi.ambitio.fr\/ambitioemploi\/#logo\",\"inLanguage\":\"fr-FR\",\"url\":\"https:\/\/www.emploi.ambitio.fr\/ambitioemploi\/wp-content\/uploads\/2021\/02\/AmbitioEmploiLogoTransparent.png\",\"contentUrl\":\"https:\/\/www.emploi.ambitio.fr\/ambitioemploi\/wp-content\/uploads\/2021\/02\/AmbitioEmploiLogoTransparent.png\",\"width\":600,\"height\":596,\"caption\":\"AMBITIO EMPLOI\"},\"image\":{\"@id\":\"https:\/\/www.emploi.ambitio.fr\/ambitioemploi\/#logo\"}},{\"@type\":\"WebSite\",\"@id\":\"https:\/\/www.emploi.ambitio.fr\/ambitioemploi\/#website\",\"url\":\"https:\/\/www.emploi.ambitio.fr\/ambitioemploi\/\",\"name\":\"AMBITIO EMPLOI\",\"description\":\"VOTRE PARTENAIRE RECRUTEMENT\",\"publisher\":{\"@id\":\"https:\/\/www.emploi.ambitio.fr\/ambitioemploi\/#organization\"},\"potentialAction\":[{\"@type\":\"SearchAction\",\"target\":\"https:\/\/www.emploi.ambitio.fr\/ambitioemploi\/?s={search_term_string}\",\"query-input\":\"required name=search_term_string\"}],\"inLanguage\":\"fr-FR\"},{\"@type\":\"ImageObject\",\"@id\":\"https:\/\/www.emploi.ambitio.fr\/ambitioemploi\/ambitio-emploi\/#primaryimage\",\"inLanguage\":\"fr-FR\",\"url\":\"https:\/\/www.emploi.ambitio.fr\/ambitioemploi\/wp-content\/uploads\/2021\/05\/Capture_d_A\\u00a9cran_2021-05-31_A-_11.16.21-removebg-preview-e1622452764944.png\",\"contentUrl\":\"https:\/\/www.emploi.ambitio.fr\/ambitioemploi\/wp-content\/uploads\/2021\/05\/Capture_d_A\\u00a9cran_2021-05-31_A-_11.16.21-removebg-preview-e1622452764944.png\",\"width\":35,\"height\":30,\"caption\":\"Ambitio Emploi place la proximit\\u00e9 au coeur de ses valeurs.\"},{\"@type\":\"WebPage\",\"@id\":\"https:\/\/www.emploi.ambitio.fr\/ambitioemploi\/ambitio-emploi\/#webpage\",\"url\":\"https:\/\/www.emploi.ambitio.fr\/ambitioemploi\/ambitio-emploi\/\",\"name\":\"Emplois dans grande distribution, bricolage, logistique en ille et vilaine 35\",\"isPartOf\":{\"@id\":\"https:\/\/www.emploi.ambitio.fr\/ambitioemploi\/#website\"},\"primaryImageOfPage\":{\"@id\":\"https:\/\/www.emploi.ambitio.fr\/ambitioemploi\/ambitio-emploi\/#primaryimage\"},\"datePublished\":\"2020-06-12T09:57:55+00:00\",\"dateModified\":\"2021-06-07T08:33:19+00:00\",\"description\":\"AMBITIO EMPLOI est un cabinet de conseils en ressources humaines. Nous contribuons chaque jour \\u00e0 la r\\u00e9ussite de projets professionnels.\",\"breadcrumb\":{\"@id\":\"https:\/\/www.emploi.ambitio.fr\/ambitioemploi\/ambitio-emploi\/#breadcrumb\"},\"inLanguage\":\"fr-FR\",\"potentialAction\":[{\"@type\":\"ReadAction\",\"target\":[\"https:\/\/www.emploi.ambitio.fr\/ambitioemploi\/ambitio-emploi\/\"]}]},{\"@type\":\"BreadcrumbList\",\"@id\":\"https:\/\/www.emploi.ambitio.fr\/ambitioemploi\/ambitio-emploi\/#breadcrumb\",\"itemListElement\":[{\"@type\":\"ListItem\",\"position\":1,\"item\":{\"@type\":\"WebPage\",\"@id\":\"https:\/\/www.emploi.ambitio.fr\/ambitioemploi\/\",\"url\":\"https:\/\/www.emploi.ambitio.fr\/ambitioemploi\/\",\"name\":\"Accueil\"}},{\"@type\":\"ListItem\",\"position\":2,\"item\":{\"@id\":\"https:\/\/www.emploi.ambitio.fr\/ambitioemploi\/ambitio-emploi\/#webpage\"}}]}]}<\/script>\n<!-- \/ Yoast SEO plugin. -->","_links":{"self":[{"href":"https:\/\/www.emploi.ambitio.fr\/ambitioemploi\/wp-json\/wp\/v2\/pages\/62"}],"collection":[{"href":"https:\/\/www.emploi.ambitio.fr\/ambitioemploi\/wp-json\/wp\/v2\/pages"}],"about":[{"href":"https:\/\/www.emploi.ambitio.fr\/ambitioemploi\/wp-json\/wp\/v2\/types\/page"}],"author":[{"embeddable":true,"href":"https:\/\/www.emploi.ambitio.fr\/ambitioemploi\/wp-json\/wp\/v2\/users\/1"}],"replies":[{"embeddable":true,"href":"https:\/\/www.emploi.ambitio.fr\/ambitioemploi\/wp-json\/wp\/v2\/comments?post=62"}],"version-history":[{"count":20,"href":"https:\/\/www.emploi.ambitio.fr\/ambitioemploi\/wp-json\/wp\/v2\/pages\/62\/revisions"}],"predecessor-version":[{"id":715,"href":"https:\/\/www.emploi.ambitio.fr\/ambitioemploi\/wp-json\/wp\/v2\/pages\/62\/revisions\/715"}],"wp:attachment":[{"href":"https:\/\/www.emploi.ambitio.fr\/ambitioemploi\/wp-json\/wp\/v2\/media?parent=62"}],"curies":[{"name":"wp","href":"https:\/\/api.w.org\/{rel}","templated":true}]}}