{"id":1886,"date":"2022-03-11T13:28:51","date_gmt":"2022-03-11T12:28:51","guid":{"rendered":"https:\/\/www.emploi.ambitio.fr\/ambitioemploi\/?page_id=1886"},"modified":"2023-12-21T18:12:18","modified_gmt":"2023-12-21T17:12:18","slug":"rgpd","status":"publish","type":"page","link":"https:\/\/www.emploi.ambitio.fr\/ambitioemploi\/rgpd\/","title":{"rendered":"RGPD"},"content":{"rendered":"\n<h2>R\u00e8glement G\u00e9n\u00e9ral sur la Protection des Donn\u00e9es<\/h2>\n\n\n\n<p>La pr\u00e9sente notice, \u00e9labor\u00e9e par AMBITIO EMPLOI, pr\u00e9cise l\u2019ensemble des mesures prises<br>afin de prot\u00e9ger vos donn\u00e9es personnelles collect\u00e9es et trait\u00e9es dans le cadre de nos activit\u00e9s de<br>conseil RH et de recrutement, pour le compte de nos clients et pour nos propres besoins.<br>Cette notice se veut respecter la l\u00e9gislation en vigueur sur la protection des donn\u00e9es<br>personnelles notamment le r\u00e8glement (UE) 2016\/679 du 27 avril 2016 relatif \u00e0 la protection des<br>personnes physiques \u00e0 l&rsquo;\u00e9gard du traitement des donn\u00e9es personnelles et \u00e0 la libre circulation de<br>ces donn\u00e9es (ci-apr\u00e8s, \u00ab RGPD \u00bb).<br><\/p>\n\n\n\n<p><strong><span style=\"text-transform: uppercase;\" class=\"qubely-text-uppercase\">Le responsable du traitement<\/span><\/strong><br>AMBITIO EMPLOI dont le si\u00e8ge social est situ\u00e9, 4 rue du Onze Novembre \u2013 35580 GUICHEN<br>(France), est responsable de traitement de vos donn\u00e9es personnelles dans le cadre des activit\u00e9s<br>de recrutement et de Conseil RH.<br>Dans le cadre de ses missions AMBITIO EMPLOI peut \u00eatre conduit \u00e0 traiter les candidatures<br>re\u00e7ues en collaboration \u00e9troite avec nos clients. Dans ce cadre, la responsabilit\u00e9 de traitement<br>est assur\u00e9e conjointement avec nos clients et figure dans nos contrats avec nos clients.<br><\/p>\n\n\n\n<p><strong><span style=\"text-transform: uppercase;\" class=\"qubely-text-uppercase\">Les donn\u00e9es personnelles trait\u00e9es<\/span><\/strong><br>Les donn\u00e9es personnelles concernent toute information se rapportant directement ou<br>indirectement \u00e0 une personne physique identifi\u00e9e ou identifiable, et strictement n\u00e9cessaires<br>dans le cadre de nos activit\u00e9s de Recrutement et Conseil RH.<br>AMBITIO EMPLOI utilise un logiciel et une base de donn\u00e9es externalis\u00e9s de notre fournisseur<br>de service EOLIA SOFTWARE le Bois des c\u00f4tes- 300 RN6 \u2013 B\u00e2t A \u2013 69760 LIMONEST<br>inscrite au RCS Lyon sous le num\u00e9ro 484141395.<br>Nous pouvons \u00eatre amen\u00e9s \u00e0 collecter diff\u00e9rentes cat\u00e9gories de donn\u00e9es personnelles aupr\u00e8s de<br>vous, notamment :<br>\uf0b7 informations d\u2019identification et de contact (nom, pr\u00e9nom, photo, adresse postale et<br>\u00e9lectronique, num\u00e9ro de t\u00e9l\u00e9phone, civilit\u00e9\u2026) ;<br>\uf0b7 informations relatives \u00e0 la formation et \u00e0 l\u2019emploi (CV, niveau d\u2019\u00e9tudes, emplois, noms<br>de vos employeurs\u2026)<br>\uf0b7 donn\u00e9es li\u00e9es aux opportunit\u00e9s d\u2019emploi auxquelles vous avez r\u00e9pondu (mobilit\u00e9,<br>disponibilit\u00e9, fonction recherch\u00e9e, secteur d\u2019activit\u00e9 recherch\u00e9, r\u00e9mun\u00e9ration, \u00e9valuation de<br>personnalit\u00e9\u2026) ;<br>\uf0b7 donn\u00e9es relatives aux interactions avec nous : compte-rendu d\u2019entretien, rapports<br>d\u2019\u00e9valuation, sur nos sites Internet, sur les r\u00e9seaux sociaux, dans les courriers \u00e9lectroniques;<br>Les donn\u00e9es que nous utilisons peuvent \u00eatre collect\u00e9es directement aupr\u00e8s de vous ou obtenues<br>des sources suivantes, dans le but de v\u00e9rifier ou d\u2019enrichir nos bases de donn\u00e9es :<br>\uf0b7 nos clients ou fournisseurs de services,<br>\uf0b7 sites Internet, les Cvth\u00e8ques, les r\u00e9seaux sociaux, les recommandations de tiers,<br>\uf0b7 vos r\u00e9ponses \u00e0 nos offres d\u2019emploi,<br>\uf0b7 votre prise de contact pour information,<br>\uf0b7 etc.<\/p>\n\n\n\n<p>Lors du processus de recrutement, nous sommes susceptibles de v\u00e9rifier vos r\u00e9f\u00e9rences et de<br>prendre des recommandations. Dans ce cadre, nous ne traiterons que des donn\u00e9es<br>d\u2019identification de nos interlocuteurs, ainsi que leurs retours sur les candidats ou salari\u00e9s.<br>Nous portons \u00e0 votre connaissance que, lorsque nous intervenons en sous-traitance de nos<br>clients, il leur appartient de vous informer des dispositions qu\u2019ils prennent pour prot\u00e9ger vos<br>donn\u00e9es personnelles. En aucun cas la responsabilit\u00e9 d\u2019AMBITIO EMPLOI ne saurait \u00eatre<br>recherch\u00e9e.<br>Vos donn\u00e9es personnelles sont recueillies uniquement \u00e0 des fins professionnelles l\u00e9gitimes et<br>pertinentes, et toutes les mesures s\u2019av\u00e9rant raisonnablement n\u00e9cessaires sont prises pour que les<br>donn\u00e9es personnelles que nous traitons soient prot\u00e9g\u00e9es, exactes et \u00e0 jour.<\/p>\n\n\n\n<p><br><strong><span style=\"text-transform: uppercase;\" class=\"qubely-text-uppercase\">Utilisation de vos donn\u00e9es personnelles : pourquoi et comment<\/span><\/strong><br>Nous utilisons vos donn\u00e9es personnelles pour le bon d\u00e9roulement du processus de recrutement<br>dans lequel vous \u00eates inscrit.<br>Ces informations nous permettent par exemple de :<br>\uf0b7 vous contacter et communiquer avec vous durant le processus de recrutement ;<br>\uf0b7 vous proposer d\u2019autres offres correspondants \u00e0 votre exp\u00e9rience et vos attentes ;<br>\uf0b7 vous fournir des conseils dans votre recherche d\u2019emploi.<br>\uf0b7 permettre \u00e0 notre client de vous embaucher<br>\uf0b7 assurer nos engagements contractuels de garantie et de suivi d\u2019embauche.<br><\/p>\n\n\n\n<p>Nous utilisons pour cela comme moyens le t\u00e9l\u00e9phone, le mail, les r\u00e9seaux sociaux.<br>Dans tous les cas, aucune information vous concernant ne sera communiqu\u00e9e \u00e0 nos clients<br>avant que vous ayez re\u00e7u cette information et consenti \u00e0 la transmission.<br><\/p>\n\n\n\n<p><strong><span style=\"text-transform: uppercase;\" class=\"qubely-text-uppercase\">Temps de conservation de vos donn\u00e9es personnelles<\/span><\/strong><br>Pour les candidats, nous conservons vos donn\u00e9es personnelles pour une p\u00e9riode de 24 mois.<br>S\u2019agissant des clients, les informations sont conserv\u00e9es pendant la dur\u00e9e de la relation<br>contractuelle et pendant 5 ans apr\u00e8s la fin de la relation contractuelle.<br>S\u2019agissant des prospects, les informations sont conserv\u00e9es 2 ans \u00e0 compter de leur collecte ou<br>de notre dernier contact avec vous.<br><\/p>\n\n\n\n<p><strong><span style=\"text-transform: uppercase;\" class=\"qubely-text-uppercase\">Vos droits et comment les exercer<\/span><\/strong><br>Conform\u00e9ment \u00e0 la r\u00e9glementation applicable, vous disposez de diff\u00e9rents droits, \u00e0 savoir :<br>1. <strong>Droit d\u2019acc\u00e8s<\/strong> : vous pouvez obtenir des informations concernant le traitement de vos<br>donn\u00e9es personnelles ainsi qu\u2019une copie de ces donn\u00e9es personnelles.<br>2. <strong>Droit de rectification<\/strong> : si vous estimez que vos donn\u00e9es personnelles sont inexactes ou<br>incompl\u00e8tes, vous pouvez exiger que ces donn\u00e9es personnelles soient modifi\u00e9es en<br>cons\u00e9quence.<br>3.<strong> Droit \u00e0 l\u2019effacement<\/strong> : vous pouvez exiger l\u2019effacement de vos donn\u00e9es personnelles<br>dans la limite de ce qui est permis par la r\u00e9glementation.<br>4. <strong>Droit \u00e0 la limitation du traitement<\/strong> : vous pouvez demander la limitation de traitement<br>de vos donn\u00e9es personnelles.<br>5. <strong>Droit d\u2019opposition<\/strong> : vous pouvez vous opposer au traitement de vos donn\u00e9es<br>personnelles, pour des motifs li\u00e9s \u00e0 votre situation particuli\u00e8re. Vous disposez du droit absolu<br>de vous opposer au traitement de vos donn\u00e9es personnelles \u00e0 des fins de prospection<br>commerciale, y compris le profilage li\u00e9 \u00e0 cette prospection.<br>6. <strong>Droit \u00e0 la portabilit\u00e9 de vos donn\u00e9es<\/strong>, quand ce droit est applicable, vous avez le droit<br>que les donn\u00e9es personnelles que vous nous avez fournies vous soient rendues ou, lorsque cela<br>est possible techniquement, de les transf\u00e9rer \u00e0 un tiers ;<br>7. <strong>Droit de d\u00e9finir des directives<\/strong> relatives \u00e0 la conservation, l\u2019effacement ou la<br>communication de vos donn\u00e9es personnelles, applicables apr\u00e8s votre d\u00e9c\u00e8s.<br>8. <strong>Droit de retirer votre consentement<\/strong> : si vous avez donn\u00e9 votre consentement au<br>traitement de vos donn\u00e9es personnelles, vous avez le droit de retirer votre consentement \u00e0 tout<br>moment.<br>Vous pouvez exercer les droits list\u00e9s ci-dessus, par courrier adress\u00e9 \u00e0 AMBITIO EMPLOI, 4 rue du Onze Novembre 35580 GUICHEN &#8211; FRANCE.<br>Conform\u00e9ment \u00e0 la r\u00e9glementation applicable, vous \u00eates en droit d\u2019introduire une r\u00e9clamation<br>aupr\u00e8s de l\u2019autorit\u00e9 de contr\u00f4le comp\u00e9tente telle que la CNIL (Commission Nationale de<br>l\u2019Informatique et des Libert\u00e9s) en France.<br><\/p>\n\n\n\n<p><strong><span style=\"text-transform: uppercase;\" class=\"qubely-text-uppercase\">Version RGPD applicable<\/span><\/strong><br>La derni\u00e8re version de ce document est consultable sur notre site www.emploi.ambitio.fr<br><\/p>\n\n\n\n<p><strong><span style=\"text-transform: uppercase;\" class=\"qubely-text-uppercase\">Comment nous contacter<\/span><\/strong><br>Si vous avez des questions concernant l\u2019utilisation de vos donn\u00e9es personnelles vis\u00e9e par le<br>pr\u00e9sent document, vous pouvez contacter notre Data Protection Officer par courrier adress\u00e9 \u00e0<br>AMBITIO EMPLOI, 4 rue du Onze Novembre 35580 GUICHEN &#8211; FRANCE., qui traitera votre<br>demande.<\/p>\n","protected":false},"excerpt":{"rendered":"<p>R\u00e8glement G\u00e9n\u00e9ral sur la Protection des Donn\u00e9es La pr\u00e9sente notice, \u00e9labor\u00e9e par AMBITIO EMPLOI, pr\u00e9cise l\u2019ensemble des mesures prisesafin de prot\u00e9ger vos donn\u00e9es personnelles collect\u00e9es et trait\u00e9es dans le cadre de nos activit\u00e9s deconseil RH et de recrutement, pour le compte de nos clients et pour nos propres besoins.Cette notice se veut respecter la l\u00e9gislation [&hellip;]<\/p>\n","protected":false},"author":1,"featured_media":0,"parent":0,"menu_order":0,"comment_status":"closed","ping_status":"closed","template":"","meta":{"qubely_global_settings":"","qubely_interactions":""},"yoast_head":"<!-- This site is optimized with the Yoast SEO plugin v16.4 - https:\/\/yoast.com\/wordpress\/plugins\/seo\/ -->\n<title>RGPD - AMBITIO EMPLOI<\/title>\n<meta name=\"robots\" content=\"index, follow, max-snippet:-1, max-image-preview:large, max-video-preview:-1\" \/>\n<link rel=\"canonical\" href=\"https:\/\/www.emploi.ambitio.fr\/ambitioemploi\/rgpd\/\" \/>\n<meta property=\"og:locale\" content=\"fr_FR\" \/>\n<meta property=\"og:type\" content=\"article\" \/>\n<meta property=\"og:title\" content=\"RGPD - AMBITIO EMPLOI\" \/>\n<meta property=\"og:description\" content=\"R\u00e8glement G\u00e9n\u00e9ral sur la Protection des Donn\u00e9es La pr\u00e9sente notice, \u00e9labor\u00e9e par AMBITIO EMPLOI, pr\u00e9cise l\u2019ensemble des mesures prisesafin de prot\u00e9ger vos donn\u00e9es personnelles collect\u00e9es et trait\u00e9es dans le cadre de nos activit\u00e9s deconseil RH et de recrutement, pour le compte de nos clients et pour nos propres besoins.Cette notice se veut respecter la l\u00e9gislation [&hellip;]\" \/>\n<meta property=\"og:url\" content=\"https:\/\/www.emploi.ambitio.fr\/ambitioemploi\/rgpd\/\" \/>\n<meta property=\"og:site_name\" content=\"AMBITIO EMPLOI\" \/>\n<meta property=\"article:modified_time\" content=\"2023-12-21T17:12:18+00:00\" \/>\n<meta name=\"twitter:card\" content=\"summary_large_image\" \/>\n<meta name=\"twitter:label1\" content=\"Dur\u00e9e de lecture est.\" \/>\n\t<meta name=\"twitter:data1\" content=\"5 minutes\" \/>\n<script type=\"application\/ld+json\" class=\"yoast-schema-graph\">{\"@context\":\"https:\/\/schema.org\",\"@graph\":[{\"@type\":\"Organization\",\"@id\":\"https:\/\/www.emploi.ambitio.fr\/ambitioemploi\/#organization\",\"name\":\"AMBITIO EMPLOI\",\"url\":\"https:\/\/www.emploi.ambitio.fr\/ambitioemploi\/\",\"sameAs\":[],\"logo\":{\"@type\":\"ImageObject\",\"@id\":\"https:\/\/www.emploi.ambitio.fr\/ambitioemploi\/#logo\",\"inLanguage\":\"fr-FR\",\"url\":\"https:\/\/www.emploi.ambitio.fr\/ambitioemploi\/wp-content\/uploads\/2021\/02\/AmbitioEmploiLogoTransparent.png\",\"contentUrl\":\"https:\/\/www.emploi.ambitio.fr\/ambitioemploi\/wp-content\/uploads\/2021\/02\/AmbitioEmploiLogoTransparent.png\",\"width\":600,\"height\":596,\"caption\":\"AMBITIO EMPLOI\"},\"image\":{\"@id\":\"https:\/\/www.emploi.ambitio.fr\/ambitioemploi\/#logo\"}},{\"@type\":\"WebSite\",\"@id\":\"https:\/\/www.emploi.ambitio.fr\/ambitioemploi\/#website\",\"url\":\"https:\/\/www.emploi.ambitio.fr\/ambitioemploi\/\",\"name\":\"AMBITIO EMPLOI\",\"description\":\"VOTRE PARTENAIRE RECRUTEMENT\",\"publisher\":{\"@id\":\"https:\/\/www.emploi.ambitio.fr\/ambitioemploi\/#organization\"},\"potentialAction\":[{\"@type\":\"SearchAction\",\"target\":\"https:\/\/www.emploi.ambitio.fr\/ambitioemploi\/?s={search_term_string}\",\"query-input\":\"required name=search_term_string\"}],\"inLanguage\":\"fr-FR\"},{\"@type\":\"WebPage\",\"@id\":\"https:\/\/www.emploi.ambitio.fr\/ambitioemploi\/rgpd\/#webpage\",\"url\":\"https:\/\/www.emploi.ambitio.fr\/ambitioemploi\/rgpd\/\",\"name\":\"RGPD - AMBITIO EMPLOI\",\"isPartOf\":{\"@id\":\"https:\/\/www.emploi.ambitio.fr\/ambitioemploi\/#website\"},\"datePublished\":\"2022-03-11T12:28:51+00:00\",\"dateModified\":\"2023-12-21T17:12:18+00:00\",\"breadcrumb\":{\"@id\":\"https:\/\/www.emploi.ambitio.fr\/ambitioemploi\/rgpd\/#breadcrumb\"},\"inLanguage\":\"fr-FR\",\"potentialAction\":[{\"@type\":\"ReadAction\",\"target\":[\"https:\/\/www.emploi.ambitio.fr\/ambitioemploi\/rgpd\/\"]}]},{\"@type\":\"BreadcrumbList\",\"@id\":\"https:\/\/www.emploi.ambitio.fr\/ambitioemploi\/rgpd\/#breadcrumb\",\"itemListElement\":[{\"@type\":\"ListItem\",\"position\":1,\"item\":{\"@type\":\"WebPage\",\"@id\":\"https:\/\/www.emploi.ambitio.fr\/ambitioemploi\/\",\"url\":\"https:\/\/www.emploi.ambitio.fr\/ambitioemploi\/\",\"name\":\"Accueil\"}},{\"@type\":\"ListItem\",\"position\":2,\"item\":{\"@id\":\"https:\/\/www.emploi.ambitio.fr\/ambitioemploi\/rgpd\/#webpage\"}}]}]}<\/script>\n<!-- \/ Yoast SEO plugin. -->","_links":{"self":[{"href":"https:\/\/www.emploi.ambitio.fr\/ambitioemploi\/wp-json\/wp\/v2\/pages\/1886"}],"collection":[{"href":"https:\/\/www.emploi.ambitio.fr\/ambitioemploi\/wp-json\/wp\/v2\/pages"}],"about":[{"href":"https:\/\/www.emploi.ambitio.fr\/ambitioemploi\/wp-json\/wp\/v2\/types\/page"}],"author":[{"embeddable":true,"href":"https:\/\/www.emploi.ambitio.fr\/ambitioemploi\/wp-json\/wp\/v2\/users\/1"}],"replies":[{"embeddable":true,"href":"https:\/\/www.emploi.ambitio.fr\/ambitioemploi\/wp-json\/wp\/v2\/comments?post=1886"}],"version-history":[{"count":3,"href":"https:\/\/www.emploi.ambitio.fr\/ambitioemploi\/wp-json\/wp\/v2\/pages\/1886\/revisions"}],"predecessor-version":[{"id":6773,"href":"https:\/\/www.emploi.ambitio.fr\/ambitioemploi\/wp-json\/wp\/v2\/pages\/1886\/revisions\/6773"}],"wp:attachment":[{"href":"https:\/\/www.emploi.ambitio.fr\/ambitioemploi\/wp-json\/wp\/v2\/media?parent=1886"}],"curies":[{"name":"wp","href":"https:\/\/api.w.org\/{rel}","templated":true}]}}