{"id":172,"date":"2020-11-26T16:32:33","date_gmt":"2020-11-26T15:32:33","guid":{"rendered":"http:\/\/www.emploi.ambitio.fr\/ambitioemploi\/?page_id=172"},"modified":"2023-12-21T18:08:45","modified_gmt":"2023-12-21T17:08:45","slug":"contact","status":"publish","type":"page","link":"https:\/\/www.emploi.ambitio.fr\/ambitioemploi\/contact\/","title":{"rendered":"Nous contacter"},"content":{"rendered":"\n<p><span class=\"has-inline-color has-white-color\">_<\/span><\/p>\n\n\n\n<div class=\"wp-block-media-text alignwide has-media-on-the-right is-stacked-on-mobile is-image-fill has-background\" style=\"background-color:#cfd9e9\"><figure class=\"wp-block-media-text__media\" style=\"background-image:url(https:\/\/www.emploi.ambitio.fr\/ambitioemploi\/wp-content\/uploads\/2021\/06\/smartmockups_koidj9s5-1024x768.jpg);background-position:50% 50%\"><img loading=\"lazy\" width=\"1024\" height=\"768\" src=\"https:\/\/www.emploi.ambitio.fr\/ambitioemploi\/wp-content\/uploads\/2021\/06\/smartmockups_koidj9s5-1024x768.jpg\" alt=\"Ambitio Emploi nous contacter.\" class=\"wp-image-739 size-full\" srcset=\"https:\/\/www.emploi.ambitio.fr\/ambitioemploi\/wp-content\/uploads\/2021\/06\/smartmockups_koidj9s5-1024x768.jpg 1024w, https:\/\/www.emploi.ambitio.fr\/ambitioemploi\/wp-content\/uploads\/2021\/06\/smartmockups_koidj9s5-300x225.jpg 300w, https:\/\/www.emploi.ambitio.fr\/ambitioemploi\/wp-content\/uploads\/2021\/06\/smartmockups_koidj9s5-768x576.jpg 768w, https:\/\/www.emploi.ambitio.fr\/ambitioemploi\/wp-content\/uploads\/2021\/06\/smartmockups_koidj9s5-1536x1152.jpg 1536w, https:\/\/www.emploi.ambitio.fr\/ambitioemploi\/wp-content\/uploads\/2021\/06\/smartmockups_koidj9s5.jpg 1920w\" sizes=\"(max-width: 1024px) 100vw, 1024px\" \/><\/figure><div class=\"wp-block-media-text__content\">\n<div class=\"wp-block-group\"><div class=\"wp-block-group__inner-container\">\n<h2 class=\"has-text-align-center\"><span class=\"has-inline-color has-black-color\">Vous souhaitez<\/span><\/h2>\n\n\n\n<p class=\"has-text-align-center\"> \ud83d\udcc4 <span class=\"has-inline-color has-black-color\">R\u00e9pondre \u00e0 une offre d&#8217;emploi.<\/span><\/p>\n\n\n\n<p class=\"has-text-align-center\">\ud83d\udce9 <span class=\"has-inline-color has-black-color\">D\u00e9poser votre candidature spontan\u00e9e.<\/span><\/p>\n\n\n\n<p class=\"has-text-align-center\">\ud83d\udcde <span class=\"has-inline-color has-black-color\">\u00catre contact\u00e9 afin d&rsquo;avoir davantage de renseignements. <\/span><\/p>\n\n\n\n<div class=\"wp-block-qubely-icon qubely-block-9f44ba\" data-qubelyanimation=\"{&quot;animation&quot;:&quot;zoom&quot;,&quot;name&quot;:&quot;zoomCenter&quot;,&quot;repeat&quot;:&quot;loop&quot;,&quot;direction&quot;:&quot;Center&quot;,&quot;duration&quot;:2000,&quot;delay&quot;:&quot;0&quot;,&quot;curve&quot;:&quot;ease&quot;,&quot;openAnimation&quot;:1}\"><div class=\"qubely-block-icon-wrapper \"><div class=\"qubely-block-icon\"><i class=\"fas fa-arrow-down\"><\/i><\/div><\/div><\/div>\n<\/div><\/div>\n<\/div><\/div>\n\n\n\n<p><span class=\"has-inline-color has-white-color\">_<\/span><\/p>\n\n\n\n<div class=\"wp-block-columns has-background\" style=\"background-color:#f3f3f3\">\n<div class=\"wp-block-column\">\n<h3 class=\"has-text-align-left\">\ud83d\udceb<span class=\"has-inline-color has-black-color\">FORMULAIRE DE CONTACT<\/span><\/h3>\n\n\n\n<p><\/p>\n<\/div>\n\n\n\n<div class=\"wp-block-column is-vertically-aligned-top\">\n<h3 class=\"has-text-align-center\">\ud83d\udccd<span class=\"has-inline-color has-black-color\">NOUS TROUVER<\/span><\/h3>\n<\/div>\n<\/div>\n\n\n\n<div class=\"wp-block-columns are-vertically-aligned-top\">\n<div class=\"wp-block-column is-vertically-aligned-top\" style=\"flex-basis:66.66%\">\n<div class=\"wp-block-group\"><div class=\"wp-block-group__inner-container\">\n<div class=\"wp-block-contact-form-7-contact-form-selector\"><div role=\"form\" class=\"wpcf7\" id=\"wpcf7-f206-o1\" lang=\"fr-FR\" dir=\"ltr\">\n<div class=\"screen-reader-response\"><p role=\"status\" aria-live=\"polite\" aria-atomic=\"true\"><\/p> <ul><\/ul><\/div>\n<form action=\"\/ambitioemploi\/wp-json\/wp\/v2\/pages\/172#wpcf7-f206-o1\" method=\"post\" class=\"wpcf7-form init\" enctype=\"multipart\/form-data\" novalidate=\"novalidate\" data-status=\"init\">\n<div style=\"display: none;\">\n<input type=\"hidden\" name=\"_wpcf7\" value=\"206\" \/>\n<input type=\"hidden\" name=\"_wpcf7_version\" value=\"5.4.1\" \/>\n<input type=\"hidden\" name=\"_wpcf7_locale\" value=\"fr_FR\" \/>\n<input type=\"hidden\" name=\"_wpcf7_unit_tag\" value=\"wpcf7-f206-o1\" \/>\n<input type=\"hidden\" name=\"_wpcf7_container_post\" value=\"0\" \/>\n<input type=\"hidden\" name=\"_wpcf7_posted_data_hash\" value=\"\" \/>\n<\/div>\n<p><label> Votre nom<br \/>\n    <span class=\"wpcf7-form-control-wrap your-name\"><input type=\"text\" name=\"your-name\" value=\"\" size=\"40\" class=\"wpcf7-form-control wpcf7-text wpcf7-validates-as-required\" aria-required=\"true\" aria-invalid=\"false\" \/><\/span> <\/label><\/p>\n<p><label> Votre e-mail<br \/>\n    <span class=\"wpcf7-form-control-wrap your-email\"><input type=\"email\" name=\"your-email\" value=\"\" size=\"40\" class=\"wpcf7-form-control wpcf7-text wpcf7-email wpcf7-validates-as-required wpcf7-validates-as-email\" aria-required=\"true\" aria-invalid=\"false\" \/><\/span> <\/label><\/p>\n<p><label> Votre t\u00e9l\u00e9phone<br \/>\n<span class=\"wpcf7-form-control-wrap port\"><input type=\"tel\" name=\"port\" value=\"\" size=\"40\" class=\"wpcf7-form-control wpcf7-text wpcf7-tel wpcf7-validates-as-tel\" aria-invalid=\"false\" \/><\/span> <\/label><\/p>\n<p><label> Objet<br \/>\n    <span class=\"wpcf7-form-control-wrap your-subject\"><input type=\"text\" name=\"your-subject\" value=\"\" size=\"40\" class=\"wpcf7-form-control wpcf7-text wpcf7-validates-as-required\" aria-required=\"true\" aria-invalid=\"false\" \/><\/span> <\/label><\/p>\n<p><label> Votre message (facultatif)<br \/>\n    <span class=\"wpcf7-form-control-wrap your-message\"><textarea name=\"your-message\" cols=\"40\" rows=\"10\" class=\"wpcf7-form-control wpcf7-textarea\" aria-invalid=\"false\"><\/textarea><\/span> <\/label><\/p>\n<p><label> T\u00e9l\u00e9charger votre CV (facultatif)<br \/>\n<span class=\"wpcf7-form-control-wrap cv\"><input type=\"file\" name=\"cv\" size=\"40\" class=\"wpcf7-form-control wpcf7-file\" accept=\".jpg,.jpeg,.png,.gif,.pdf,.doc,.docx,.ppt,.pptx,.odt,.avi,.ogg,.m4a,.mov,.mp3,.mp4,.mpg,.wav,.wmv\" aria-invalid=\"false\" \/><\/span> <\/label><\/p>\n<p><div id=\"cf7sr-69de2c102944a\" class=\"cf7sr-g-recaptcha\" data-sitekey=\"6LfST0AUAAAAAC_lL3_biitOt2gNE5MB5D4gHr8V\"><\/div><span class=\"wpcf7-form-control-wrap cf7sr-g-recaptcha-invalid\"><\/span><\/p>\n<p><input type=\"submit\" value=\"Envoyer\" class=\"wpcf7-form-control wpcf7-submit\" \/><\/p>\n<div class=\"wpcf7-response-output\" aria-hidden=\"true\"><\/div><\/form><\/div><\/div>\n<\/div><\/div>\n<\/div>\n\n\n\n<div class=\"wp-block-column is-vertically-aligned-top\" style=\"flex-basis:50%\">\n<h4><i class=\"fas fa-map-marker-alt\">&nbsp;&nbsp;4 rue du Onze Novembre,<br>&nbsp;&nbsp;&nbsp;&nbsp;&nbsp;35580 Guichen<\/i><br><br>\n<i class=\"fas fa-phone\">&nbsp;&nbsp;02 23 46 19 83<\/i><br><br><\/h4>\n<iframe src=\"https:\/\/www.google.com\/maps\/embed?pb=!1m18!1m12!1m3!1d2671.389877944662!2d-1.7983541240924914!3d47.967521162985584!2m3!1f0!2f0!3f0!3m2!1i1024!2i768!4f13.1!3m3!1m2!1s0x480f1b9553f8ff0b%3A0x9e90740322d43db2!2s4%20Rue%20du%20Onze%20Novembre%2C%2035580%20Guichen!5e0!3m2!1sfr!2sfr!4v1703178271485!5m2!1sfr!2sfr\" width=\"600\" height=\"450\" style=\"border:0;\" allowfullscreen=\"\" loading=\"lazy\" referrerpolicy=\"no-referrer-when-downgrade\"><\/iframe>\n<\/div>\n<\/div>\n\n\n\n<div class=\"wp-block-qubely-socialicons qubely-block-d5265a\"><div class=\"qubely-block-social-icons  qubely-layout-fill qubely-style-default\"><ul class=\"qubely-ul\"><li class=\"qubely-li qubely-social-item qubely-social-facebook\" arealabel=\"Facebook\"><a href=\"https:\/\/www.facebook.com\/Ambitio-Emploi-1335093416513809\/\" target=\"_blank\" rel=\"nofollow noopener noreferrer\"><i class=\"qubely-social-icon fab fa-facebook\"><\/i><span class=\"qubely-social-label\">Facebook<\/span><\/a><\/li><li class=\"qubely-li qubely-social-item qubely-social-linkedin\" arealabel=\"LinkedIn\"><a href=\"https:\/\/www.linkedin.com\/company\/ambitio-emploi\" target=\"_blank\" rel=\"nofollow noopener noreferrer\"><i class=\"qubely-social-icon fab fa-linkedin\"><\/i><span class=\"qubely-social-label\">LinkedIn<\/span><\/a><\/li><\/ul><\/div><\/div>\n","protected":false},"excerpt":{"rendered":"<p>_ _ \ud83d\udcebFORMULAIRE DE CONTACT \ud83d\udccdNOUS TROUVER &nbsp;&nbsp;4 rue du Onze Novembre,&nbsp;&nbsp;&nbsp;&nbsp;&nbsp;35580 Guichen &nbsp;&nbsp;02 23 46 19 83<\/p>\n","protected":false},"author":1,"featured_media":0,"parent":0,"menu_order":0,"comment_status":"closed","ping_status":"closed","template":"","meta":{"qubely_global_settings":"","qubely_interactions":""},"yoast_head":"<!-- This site is optimized with the Yoast SEO plugin v16.4 - https:\/\/yoast.com\/wordpress\/plugins\/seo\/ -->\n<title>Nous contacter - AMBITIO EMPLOI<\/title>\n<meta name=\"description\" content=\"Formulaire de contact pour r\u00e9pondre \u00e0 une offre d&#039;emploi, d\u00e9poser une candidature spontan\u00e9e ou \u00eatre rappel\u00e9 par une de nos consultantes.\" \/>\n<meta name=\"robots\" content=\"index, follow, max-snippet:-1, max-image-preview:large, max-video-preview:-1\" \/>\n<link rel=\"canonical\" href=\"https:\/\/www.emploi.ambitio.fr\/ambitioemploi\/contact\/\" \/>\n<meta property=\"og:locale\" content=\"fr_FR\" \/>\n<meta property=\"og:type\" content=\"article\" \/>\n<meta property=\"og:title\" content=\"Nous contacter - AMBITIO EMPLOI\" \/>\n<meta property=\"og:description\" content=\"Formulaire de contact pour r\u00e9pondre \u00e0 une offre d&#039;emploi, d\u00e9poser une candidature spontan\u00e9e ou \u00eatre rappel\u00e9 par une de nos consultantes.\" \/>\n<meta property=\"og:url\" content=\"https:\/\/www.emploi.ambitio.fr\/ambitioemploi\/contact\/\" \/>\n<meta property=\"og:site_name\" content=\"AMBITIO EMPLOI\" \/>\n<meta property=\"article:modified_time\" content=\"2023-12-21T17:08:45+00:00\" \/>\n<meta property=\"og:image\" content=\"https:\/\/www.emploi.ambitio.fr\/ambitioemploi\/wp-content\/uploads\/2021\/06\/smartmockups_koidj9s5-1024x768.jpg\" \/>\n<meta name=\"twitter:card\" content=\"summary_large_image\" \/>\n<meta name=\"twitter:label1\" content=\"Dur\u00e9e de lecture est.\" \/>\n\t<meta name=\"twitter:data1\" content=\"1 minute\" \/>\n<script type=\"application\/ld+json\" class=\"yoast-schema-graph\">{\"@context\":\"https:\/\/schema.org\",\"@graph\":[{\"@type\":\"Organization\",\"@id\":\"https:\/\/www.emploi.ambitio.fr\/ambitioemploi\/#organization\",\"name\":\"AMBITIO EMPLOI\",\"url\":\"https:\/\/www.emploi.ambitio.fr\/ambitioemploi\/\",\"sameAs\":[],\"logo\":{\"@type\":\"ImageObject\",\"@id\":\"https:\/\/www.emploi.ambitio.fr\/ambitioemploi\/#logo\",\"inLanguage\":\"fr-FR\",\"url\":\"https:\/\/www.emploi.ambitio.fr\/ambitioemploi\/wp-content\/uploads\/2021\/02\/AmbitioEmploiLogoTransparent.png\",\"contentUrl\":\"https:\/\/www.emploi.ambitio.fr\/ambitioemploi\/wp-content\/uploads\/2021\/02\/AmbitioEmploiLogoTransparent.png\",\"width\":600,\"height\":596,\"caption\":\"AMBITIO EMPLOI\"},\"image\":{\"@id\":\"https:\/\/www.emploi.ambitio.fr\/ambitioemploi\/#logo\"}},{\"@type\":\"WebSite\",\"@id\":\"https:\/\/www.emploi.ambitio.fr\/ambitioemploi\/#website\",\"url\":\"https:\/\/www.emploi.ambitio.fr\/ambitioemploi\/\",\"name\":\"AMBITIO EMPLOI\",\"description\":\"VOTRE PARTENAIRE RECRUTEMENT\",\"publisher\":{\"@id\":\"https:\/\/www.emploi.ambitio.fr\/ambitioemploi\/#organization\"},\"potentialAction\":[{\"@type\":\"SearchAction\",\"target\":\"https:\/\/www.emploi.ambitio.fr\/ambitioemploi\/?s={search_term_string}\",\"query-input\":\"required name=search_term_string\"}],\"inLanguage\":\"fr-FR\"},{\"@type\":\"ImageObject\",\"@id\":\"https:\/\/www.emploi.ambitio.fr\/ambitioemploi\/contact\/#primaryimage\",\"inLanguage\":\"fr-FR\",\"url\":\"https:\/\/www.emploi.ambitio.fr\/ambitioemploi\/wp-content\/uploads\/2021\/06\/smartmockups_koidj9s5.jpg\",\"contentUrl\":\"https:\/\/www.emploi.ambitio.fr\/ambitioemploi\/wp-content\/uploads\/2021\/06\/smartmockups_koidj9s5.jpg\",\"width\":1920,\"height\":1440},{\"@type\":\"WebPage\",\"@id\":\"https:\/\/www.emploi.ambitio.fr\/ambitioemploi\/contact\/#webpage\",\"url\":\"https:\/\/www.emploi.ambitio.fr\/ambitioemploi\/contact\/\",\"name\":\"Nous contacter - AMBITIO EMPLOI\",\"isPartOf\":{\"@id\":\"https:\/\/www.emploi.ambitio.fr\/ambitioemploi\/#website\"},\"primaryImageOfPage\":{\"@id\":\"https:\/\/www.emploi.ambitio.fr\/ambitioemploi\/contact\/#primaryimage\"},\"datePublished\":\"2020-11-26T15:32:33+00:00\",\"dateModified\":\"2023-12-21T17:08:45+00:00\",\"description\":\"Formulaire de contact pour r\\u00e9pondre \\u00e0 une offre d'emploi, d\\u00e9poser une candidature spontan\\u00e9e ou \\u00eatre rappel\\u00e9 par une de nos consultantes.\",\"breadcrumb\":{\"@id\":\"https:\/\/www.emploi.ambitio.fr\/ambitioemploi\/contact\/#breadcrumb\"},\"inLanguage\":\"fr-FR\",\"potentialAction\":[{\"@type\":\"ReadAction\",\"target\":[\"https:\/\/www.emploi.ambitio.fr\/ambitioemploi\/contact\/\"]}]},{\"@type\":\"BreadcrumbList\",\"@id\":\"https:\/\/www.emploi.ambitio.fr\/ambitioemploi\/contact\/#breadcrumb\",\"itemListElement\":[{\"@type\":\"ListItem\",\"position\":1,\"item\":{\"@type\":\"WebPage\",\"@id\":\"https:\/\/www.emploi.ambitio.fr\/ambitioemploi\/\",\"url\":\"https:\/\/www.emploi.ambitio.fr\/ambitioemploi\/\",\"name\":\"Accueil\"}},{\"@type\":\"ListItem\",\"position\":2,\"item\":{\"@id\":\"https:\/\/www.emploi.ambitio.fr\/ambitioemploi\/contact\/#webpage\"}}]}]}<\/script>\n<!-- \/ Yoast SEO plugin. -->","_links":{"self":[{"href":"https:\/\/www.emploi.ambitio.fr\/ambitioemploi\/wp-json\/wp\/v2\/pages\/172"}],"collection":[{"href":"https:\/\/www.emploi.ambitio.fr\/ambitioemploi\/wp-json\/wp\/v2\/pages"}],"about":[{"href":"https:\/\/www.emploi.ambitio.fr\/ambitioemploi\/wp-json\/wp\/v2\/types\/page"}],"author":[{"embeddable":true,"href":"https:\/\/www.emploi.ambitio.fr\/ambitioemploi\/wp-json\/wp\/v2\/users\/1"}],"replies":[{"embeddable":true,"href":"https:\/\/www.emploi.ambitio.fr\/ambitioemploi\/wp-json\/wp\/v2\/comments?post=172"}],"version-history":[{"count":23,"href":"https:\/\/www.emploi.ambitio.fr\/ambitioemploi\/wp-json\/wp\/v2\/pages\/172\/revisions"}],"predecessor-version":[{"id":6770,"href":"https:\/\/www.emploi.ambitio.fr\/ambitioemploi\/wp-json\/wp\/v2\/pages\/172\/revisions\/6770"}],"wp:attachment":[{"href":"https:\/\/www.emploi.ambitio.fr\/ambitioemploi\/wp-json\/wp\/v2\/media?parent=172"}],"curies":[{"name":"wp","href":"https:\/\/api.w.org\/{rel}","templated":true}]}}